{"id":2664,"date":"2022-09-28T11:59:26","date_gmt":"2022-09-28T11:59:26","guid":{"rendered":"https:\/\/newdogsbrand.com\/?page_id=2664"},"modified":"2022-09-28T12:15:39","modified_gmt":"2022-09-28T12:15:39","slug":"terminos-de-servicio-general","status":"publish","type":"page","link":"https:\/\/newdogsbrand.com\/index.php\/terminos-de-servicio-general\/","title":{"rendered":"T\u00c9RMINOS DE SERVICIO GENERAL"},"content":{"rendered":"\t\t<div data-elementor-type=\"wp-page\" data-elementor-id=\"2664\" class=\"elementor elementor-2664\">\n\t\t\t\t\t\t<section class=\"elementor-section elementor-top-section elementor-element elementor-element-1d6dc29 elementor-section-boxed elementor-section-height-default elementor-section-height-default\" data-id=\"1d6dc29\" data-element_type=\"section\">\n\t\t\t\t\t\t<div class=\"elementor-container elementor-column-gap-default\">\n\t\t\t\t\t<div class=\"elementor-column elementor-col-100 elementor-top-column elementor-element elementor-element-25f6ced\" data-id=\"25f6ced\" data-element_type=\"column\">\n\t\t\t<div class=\"elementor-widget-wrap elementor-element-populated\">\n\t\t\t\t\t\t<div class=\"elementor-element elementor-element-9309a80 elementor-widget elementor-widget-heading\" data-id=\"9309a80\" data-element_type=\"widget\" data-widget_type=\"heading.default\">\n\t\t\t\t<div class=\"elementor-widget-container\">\n\t\t\t<style>\/*! elementor - v3.21.0 - 25-04-2024 *\/\n.elementor-heading-title{padding:0;margin:0;line-height:1}.elementor-widget-heading .elementor-heading-title[class*=elementor-size-]>a{color:inherit;font-size:inherit;line-height:inherit}.elementor-widget-heading .elementor-heading-title.elementor-size-small{font-size:15px}.elementor-widget-heading .elementor-heading-title.elementor-size-medium{font-size:19px}.elementor-widget-heading .elementor-heading-title.elementor-size-large{font-size:29px}.elementor-widget-heading .elementor-heading-title.elementor-size-xl{font-size:39px}.elementor-widget-heading .elementor-heading-title.elementor-size-xxl{font-size:59px}<\/style><h2 class=\"elementor-heading-title elementor-size-default\">T\u00c9RMINOS DE SERVICIO GENERAL\n<\/h2>\t\t<\/div>\n\t\t\t\t<\/div>\n\t\t\t\t\t<\/div>\n\t\t<\/div>\n\t\t\t\t\t<\/div>\n\t\t<\/section>\n\t\t\t\t<section class=\"elementor-section elementor-top-section elementor-element elementor-element-83af3a4 elementor-section-boxed elementor-section-height-default elementor-section-height-default\" data-id=\"83af3a4\" data-element_type=\"section\">\n\t\t\t\t\t\t<div class=\"elementor-container elementor-column-gap-default\">\n\t\t\t\t\t<div class=\"elementor-column elementor-col-100 elementor-top-column elementor-element elementor-element-31e71c4\" data-id=\"31e71c4\" data-element_type=\"column\">\n\t\t\t<div class=\"elementor-widget-wrap elementor-element-populated\">\n\t\t\t\t\t\t<div class=\"elementor-element elementor-element-76e4169 elementor-widget elementor-widget-text-editor\" data-id=\"76e4169\" data-element_type=\"widget\" data-widget_type=\"text-editor.default\">\n\t\t\t\t<div class=\"elementor-widget-container\">\n\t\t\t<style>\/*! elementor - v3.21.0 - 25-04-2024 *\/\n.elementor-widget-text-editor.elementor-drop-cap-view-stacked .elementor-drop-cap{background-color:#69727d;color:#fff}.elementor-widget-text-editor.elementor-drop-cap-view-framed .elementor-drop-cap{color:#69727d;border:3px solid;background-color:transparent}.elementor-widget-text-editor:not(.elementor-drop-cap-view-default) .elementor-drop-cap{margin-top:8px}.elementor-widget-text-editor:not(.elementor-drop-cap-view-default) .elementor-drop-cap-letter{width:1em;height:1em}.elementor-widget-text-editor .elementor-drop-cap{float:left;text-align:center;line-height:1;font-size:50px}.elementor-widget-text-editor .elementor-drop-cap-letter{display:inline-block}<\/style>\t\t\t\t<p>T\u00c9RMINOS DE SERVICIO GENERAL<\/p><p>Este sitio web es operado por New Dogs Brand Co. Los t\u00e9rminos &#8220;nosotros&#8221;, &#8220;nos&#8221; y &#8220;nuestro&#8221; se refieren a New Dogs Brand.<br \/>New Dogs Brand ofrece este sitio web, incluida toda la informaci\u00f3n, las herramientas y los servicios disponibles de este sitio para usted, el usuario brinda su aceptaci\u00f3n de todos los t\u00e9rminos, condiciones, pol\u00edticas y avisos que se especifican aqu\u00ed.<br \/>Al visitar nuestro sitio y \/ o comprar algo de nosotros, usted participa en nuestro &#8220;Servicio&#8221; y acuerda estar sujeto a los siguientes t\u00e9rminos y condiciones (&#8220;T\u00e9rminos de servicio&#8221;, &#8220;T\u00e9rminos&#8221;), incluidos los t\u00e9rminos y condiciones adicionales y pol\u00edticas referenciado aqu\u00ed y \/ o disponible por hiperv\u00ednculos.\u00a0<span style=\"font-style: inherit; font-weight: inherit; background-color: var(--ast-global-color-4); color: var(--ast-global-color-3);\">Estos T\u00e9rminos de Servicio se aplican a todos los usuarios del sitio, incluidos, entre otros, los usuarios que son navegadores, proveedores, clientes, comerciantes y \/ o contribuidores de contenido.<\/span><\/p><p>Lea estos T\u00e9rminos de servicio detenidamente antes de acceder o utilizar nuestro sitio web. Al acceder o usar cualquier parte del sitio, usted acepta estar sujeto a estos T\u00e9rminos de servicio. Si no acepta todos los t\u00e9rminos y condiciones de este, no podr\u00e1 acceder al sitio web ni utilizar ning\u00fan servicio. Si estos T\u00e9rminos de servicio se consideran una oferta, la aceptaci\u00f3n est\u00e1 expresamente limitada a ellos.<br \/>Las nuevas funciones o herramientas que se agregan a la tienda actual tambi\u00e9n estar\u00e1n sujetas a los T\u00e9rminos del servicio. Puede revisar la versi\u00f3n m\u00e1s reciente de los T\u00e9rminos de Servicio en cualquier momento en esta p\u00e1gina. Nos reservamos el derecho de actualizar, cambiar o reemplazar cualquier parte de estos T\u00e9rminos de Servicio mediante la publicaci\u00f3n de actualizaciones y \/ o cambios en nuestro sitio web. Es su responsabilidad revisar esta p\u00e1gina peri\u00f3dicamente para ver los cambios. Su uso o acceso continuo al sitio web despu\u00e9s de la publicaci\u00f3n de cualquier cambio constituye la aceptaci\u00f3n de dichos cambios.<br \/>Nuestra tienda est\u00e1 alojada en Hostinger. Nos proporcionan la plataforma de comercio electr\u00f3nico en l\u00ednea que nos permite venderle nuestros productos y servicios.<\/p><p>\u00a0<\/p>\t\t\t\t\t\t<\/div>\n\t\t\t\t<\/div>\n\t\t\t\t\t<\/div>\n\t\t<\/div>\n\t\t\t\t\t<\/div>\n\t\t<\/section>\n\t\t\t\t<\/div>\n\t\t","protected":false},"excerpt":{"rendered":"<p>T\u00c9RMINOS DE SERVICIO GENERAL T\u00c9RMINOS DE SERVICIO GENERAL Este sitio web es operado por New Dogs Brand Co. Los t\u00e9rminos &#8220;nosotros&#8221;, &#8220;nos&#8221; y &#8220;nuestro&#8221; se refieren a New Dogs Brand.New Dogs Brand ofrece este sitio web, incluida toda la informaci\u00f3n, las herramientas y los servicios disponibles de este sitio para usted, el usuario brinda su [&hellip;]<\/p>\n","protected":false},"author":1,"featured_media":0,"parent":0,"menu_order":0,"comment_status":"closed","ping_status":"closed","template":"","meta":{"om_disable_all_campaigns":false,"_monsterinsights_skip_tracking":false,"_monsterinsights_sitenote_active":false,"_monsterinsights_sitenote_note":"","_monsterinsights_sitenote_category":0,"site-sidebar-layout":"no-sidebar","site-content-layout":"page-builder","ast-site-content-layout":"","site-content-style":"default","site-sidebar-style":"default","ast-global-header-display":"","ast-banner-title-visibility":"","ast-main-header-display":"","ast-hfb-above-header-display":"","ast-hfb-below-header-display":"","ast-hfb-mobile-header-display":"","site-post-title":"disabled","ast-breadcrumbs-content":"","ast-featured-img":"disabled","footer-sml-layout":"","theme-transparent-header-meta":"","adv-header-id-meta":"","stick-header-meta":"","header-above-stick-meta":"","header-main-stick-meta":"","header-below-stick-meta":"","astra-migrate-meta-layouts":"default","ast-page-background-enabled":"default","ast-page-background-meta":{"desktop":{"background-color":"","background-image":"","background-repeat":"repeat","background-position":"center center","background-size":"auto","background-attachment":"scroll","background-type":"","background-media":"","overlay-type":"","overlay-color":"","overlay-gradient":""},"tablet":{"background-color":"","background-image":"","background-repeat":"repeat","background-position":"center center","background-size":"auto","background-attachment":"scroll","background-type":"","background-media":"","overlay-type":"","overlay-color":"","overlay-gradient":""},"mobile":{"background-color":"","background-image":"","background-repeat":"repeat","background-position":"center center","background-size":"auto","background-attachment":"scroll","background-type":"","background-media":"","overlay-type":"","overlay-color":"","overlay-gradient":""}},"ast-content-background-meta":{"desktop":{"background-color":"var(--ast-global-color-5)","background-image":"","background-repeat":"repeat","background-position":"center center","background-size":"auto","background-attachment":"scroll","background-type":"","background-media":"","overlay-type":"","overlay-color":"","overlay-gradient":""},"tablet":{"background-color":"var(--ast-global-color-5)","background-image":"","background-repeat":"repeat","background-position":"center center","background-size":"auto","background-attachment":"scroll","background-type":"","background-media":"","overlay-type":"","overlay-color":"","overlay-gradient":""},"mobile":{"background-color":"var(--ast-global-color-5)","background-image":"","background-repeat":"repeat","background-position":"center center","background-size":"auto","background-attachment":"scroll","background-type":"","background-media":"","overlay-type":"","overlay-color":"","overlay-gradient":""}},"_joinchat":[],"footnotes":""},"aioseo_notices":[],"_links":{"self":[{"href":"https:\/\/newdogsbrand.com\/index.php\/wp-json\/wp\/v2\/pages\/2664"}],"collection":[{"href":"https:\/\/newdogsbrand.com\/index.php\/wp-json\/wp\/v2\/pages"}],"about":[{"href":"https:\/\/newdogsbrand.com\/index.php\/wp-json\/wp\/v2\/types\/page"}],"author":[{"embeddable":true,"href":"https:\/\/newdogsbrand.com\/index.php\/wp-json\/wp\/v2\/users\/1"}],"replies":[{"embeddable":true,"href":"https:\/\/newdogsbrand.com\/index.php\/wp-json\/wp\/v2\/comments?post=2664"}],"version-history":[{"count":8,"href":"https:\/\/newdogsbrand.com\/index.php\/wp-json\/wp\/v2\/pages\/2664\/revisions"}],"predecessor-version":[{"id":2694,"href":"https:\/\/newdogsbrand.com\/index.php\/wp-json\/wp\/v2\/pages\/2664\/revisions\/2694"}],"wp:attachment":[{"href":"https:\/\/newdogsbrand.com\/index.php\/wp-json\/wp\/v2\/media?parent=2664"}],"curies":[{"name":"wp","href":"https:\/\/api.w.org\/{rel}","templated":true}]}}